{"id":1732,"date":"2023-07-12T14:00:21","date_gmt":"2023-07-12T12:00:21","guid":{"rendered":"https:\/\/antonioperazzi.com\/informativa-privacy-ai-sensi-dellarticolo-13-regolamento-ue-n-2016-679-in-seguito-gdpr\/"},"modified":"2023-07-12T14:07:11","modified_gmt":"2023-07-12T12:07:11","slug":"informativa-privacy-ai-sensi-dellarticolo-13-regolamento-ue-n-2016-679-in-seguito-gdpr","status":"publish","type":"page","link":"https:\/\/antonioperazzi.com\/en\/informativa-privacy-ai-sensi-dellarticolo-13-regolamento-ue-n-2016-679-in-seguito-gdpr\/","title":{"rendered":"Informativa Privacy ai sensi dell\u2019articolo 13 Regolamento UE n. 2016\/679 (in seguito, \u201cGDPR\u201d)"},"content":{"rendered":"\n<p>Il Regolamento UE n. 2016\/679 tutela la riservatezza dei dati personali a tutela della libert\u00e0 e dei diritti degli interessati ed impone quindi una serie di obblighi a chi \u201ctratta\u201d informazioni personali riferite ad altri soggetti. Tra i pi\u00f9 importanti adempimenti che la legge impone di rispettare, c\u2019\u00e8 quello di informare gli interessati e di acquisire nei casi prescritti il loro consenso al trattamento, soprattutto per le attivit\u00e0 di trattamento relativamente alle quali i dati devono essere comunicati ad altri soggetti.<br>Alla luce di quanto sopra, pertanto, ci pregiamo di informarVi, ai sensi dell\u2019articolo 13 della GDPR in oggetto, che la scrivente ditta raccoglie e tratta dati concernenti la Vs. impresa&nbsp; senza il Suo consenso espresso (art. 6 lett. b), e) GDPR&nbsp; per finalit\u00e0 connesse alla gestione degli ordinari rapporti commerciali e, precisamente, per la risposta alle vostre richieste pervenutaci via mail e per la soddisfazione di tutti gli obblighi previsti dalle normative vigenti.<br>Il trattamento dei Suoi dati personali \u00e8 realizzato per mezzo delle operazioni indicate all\u2019art. 4 Codice Privacy e all\u2019art. 4 n. 2) GDPR e precisamente: raccolta, registrazione, organizzazione, conservazione, consultazione, elaborazione, modificazione, selezione, estrazione, raffronto, utilizzo, interconnessione, blocco, comunicazione, cancellazione e distruzione dei dati. I Suoi dati personali sono sottoposti a trattamento sia cartaceo che elettronico.<br>Il Titolare tratter\u00e0 i dati personali per il tempo necessario per adempiere alle finalit\u00e0 di cui sopra e comunque per non oltre 10 anni dalla cessazione del rapporto per le Finalit\u00e0 di amministrativo\/contabili.<br>I trattamenti potranno essere effettuati mediante strumenti sia informatici, che manuali, nell&#8217;osservanza di tutte le cautele necessarie a garantire la sicurezza e la riservatezza delle informazioni.<br>I Vs. dati, inoltre, potranno essere comunicati a terzi, esclusivamente per esigenze tecniche ed operative strettamente collegate alle finalit\u00e0 sopra enunciate ed in particolare alle seguenti categorie di soggetti:<br>a) enti, professionisti, societ\u00e0 od altre strutture da noi incaricate dei trattamenti connessi all\u2019adempimento degli obblighi amministrativi, contabili e gestionali legati all\u2019ordinario svolgimento della nostra attivit\u00e0 economica, anche per finalit\u00e0 di recupero credito;<br>b) alle pubbliche autorit\u00e0 ed amministrazioni per le finalit\u00e0 connesse all\u2019adempimento di obblighi legali;<br>c) banche, istituti finanziari o altri soggetti ai quali il trasferimento dei suddetti dati risulti necessario allo svolgimento dell\u2019attivit\u00e0 della nostra azienda in relazione all\u2019assolvimento, da parte nostra, delle obbligazioni contrattuali assunte nei Vs. confronti.<\/p>\n\n\n\n<p>Nella Sua qualit\u00e0 di interessato, ha i diritti di cui art. 15 GDPR e precisamente i diritti di:<br>i. ottenere la conferma dell&#8217;esistenza o meno di dati personali che La riguardano, anche se non ancora registrati, e la loro comunicazione in forma intelligibile;<br>ii. ottenere l&#8217;indicazione: a) dell&#8217;origine dei dati personali; b) delle finalit\u00e0 e modalit\u00e0 del trattamento; c) della logica applicata in caso di trattamento effettuato con l&#8217;ausilio di strumenti elettronici; d) degli estremi identificativi del titolare, dei responsabili e del rappresentante designato ai sensi dell&#8217;art. 5, comma 2 Codice Privacy e art. 3, comma 1, GDPR; e) dei soggetti o delle categorie di soggetti ai quali i dati personali possono essere comunicati o che possono venirne a conoscenza in qualit\u00e0 di rappresentante designato nel territorio dello Stato, di responsabili o incaricati;<br>iii. ottenere: a) l&#8217;aggiornamento, la rettificazione ovvero, quando vi ha interesse, l&#8217;integrazione dei dati; b) la cancellazione, la trasformazione in forma anonima o il blocco dei dati trattati in violazione di legge, compresi quelli di cui non \u00e8 necessaria la conservazione in relazione agli scopi per i quali i dati sono stati raccolti o successivamente trattati; c) l&#8217;attestazione che le operazioni di cui alle lettere a) e b) sono state portate a conoscenza, anche per quanto riguarda il loro contenuto, di coloro ai quali i dati sono stati comunicati o diffusi, eccettuato il caso in cui tale adempimento si rivela impossibile o comporta un impiego di mezzi manifestamente sproporzionato rispetto al diritto tutelato;<br>iv. opporsi, in tutto o in parte: a) per motivi legittimi al trattamento dei dati personali che La riguardano, ancorch\u00e9 pertinenti allo scopo della raccolta; b) al trattamento di dati personali che La riguardano a fini di invio di materiale pubblicitario o di vendita diretta o per il compimento di ricerche di mercato o di comunicazione commerciale, mediante l\u2019uso di sistemi automatizzati di chiamata senza l\u2019intervento di un operatore mediante e-mail e\/o mediante modalit\u00e0 di marketing tradizionali mediante telefono e\/o posta cartacea. Si fa presente che il diritto di opposizione dell\u2019interessato, esposto al precedente punto b), per finalit\u00e0 di marketing diretto mediante modalit\u00e0 automatizzate si estende a quelle tradizionali e che comunque resta salva la possibilit\u00e0 per l\u2019interessato di esercitare il diritto di opposizione anche solo in parte. Pertanto, l\u2019interessato pu\u00f2 decidere di ricevere solo comunicazioni mediante modalit\u00e0 tradizionali ovvero solo comunicazioni automatizzate oppure nessuna delle due tipologie di comunicazione.<\/p>\n\n\n\n<p>Ove applicabili, ha altres\u00ec i diritti di cui agli artt. 16-21 GDPR (Diritto di rettifica, diritto all\u2019oblio, diritto di limitazione di trattamento, diritto alla portabilit\u00e0 dei dati, diritto di opposizione), nonch\u00e9 il diritto di reclamo all\u2019Autorit\u00e0 Garante<\/p>\n\n\n\n<p>Modalit\u00e0 di esercizio dei diritti<\/p>\n\n\n\n<p>Potr\u00e0 in qualsiasi momento esercitare i diritti inviando:<\/p>\n\n\n\n<p>&#8211; una raccomandata a.r. a<\/p>\n\n\n\n<p><strong>Studio Antonio Perazzi s.r.l.<\/strong><\/p>\n\n\n\n<p><strong>Via Cesare Correnti n. 7 Milano (MI)<\/strong><\/p>\n\n\n\n<p>&#8211; una e-mail all\u2019indirizzo: info@antonioperazzi.com<\/p>\n\n\n\n<p>Titolare del trattamento \u00e8 la societ\u00e0 Studio Antonio Perazzi s.r.l., nella persona del legale rappresentante pro tempore, con sede in Via Cesare Correnti n. 7 Milano (MI).<\/p>\n\n\n\n<p>DATA 11-07-2023<\/p>\n","protected":false},"excerpt":{"rendered":"<p>Il Regolamento UE n. 2016\/679 tutela la riservatezza dei dati personali a tutela della libert\u00e0 e dei diritti degli interessati ed impone quindi una serie di obblighi a chi \u201ctratta\u201d informazioni personali riferite ad altri soggetti. Tra i pi\u00f9 importanti adempimenti che la legge impone di rispettare, c\u2019\u00e8 quello di informare gli interessati e di [&hellip;]<\/p>\n","protected":false},"author":1,"featured_media":0,"parent":0,"menu_order":0,"comment_status":"closed","ping_status":"closed","template":"","meta":{"footnotes":""},"class_list":["post-1732","page","type-page","status-publish","hentry"],"acf":[],"_links":{"self":[{"href":"https:\/\/antonioperazzi.com\/en\/wp-json\/wp\/v2\/pages\/1732","targetHints":{"allow":["GET"]}}],"collection":[{"href":"https:\/\/antonioperazzi.com\/en\/wp-json\/wp\/v2\/pages"}],"about":[{"href":"https:\/\/antonioperazzi.com\/en\/wp-json\/wp\/v2\/types\/page"}],"author":[{"embeddable":true,"href":"https:\/\/antonioperazzi.com\/en\/wp-json\/wp\/v2\/users\/1"}],"replies":[{"embeddable":true,"href":"https:\/\/antonioperazzi.com\/en\/wp-json\/wp\/v2\/comments?post=1732"}],"version-history":[{"count":1,"href":"https:\/\/antonioperazzi.com\/en\/wp-json\/wp\/v2\/pages\/1732\/revisions"}],"predecessor-version":[{"id":1733,"href":"https:\/\/antonioperazzi.com\/en\/wp-json\/wp\/v2\/pages\/1732\/revisions\/1733"}],"wp:attachment":[{"href":"https:\/\/antonioperazzi.com\/en\/wp-json\/wp\/v2\/media?parent=1732"}],"curies":[{"name":"wp","href":"https:\/\/api.w.org\/{rel}","templated":true}]}}